{"id":2707,"date":"2019-11-09T05:09:35","date_gmt":"2019-11-09T05:09:35","guid":{"rendered":"https:\/\/so-phi.com\/product\/koningsblauw\/"},"modified":"2025-04-27T19:07:56","modified_gmt":"2025-04-27T19:07:56","slug":"koningsblauw","status":"publish","type":"product","link":"https:\/\/so-phi.com\/nl\/product\/koningsblauw\/","title":{"rendered":"Koningsblauw"},"content":{"rendered":"<p id=\"tw-target-text\" class=\"tw-data-text tw-text-large tw-ta\" dir=\"ltr\" data-placeholder=\"Vertaling\"><span lang=\"nl\">Onze <a href=\"https:\/\/so-phi.com\/shop-online\/classic\/\">classic collectie<\/a> is gemaakt van 100% gerecycled polycarbonaat. De hair sticks zijn UV-bestendig, zodat je geen zorgen moet hebben dat de kleuren na verloop van tijd vervagen. Ze komen in verschillende kleuren om je outfit of humeur te complimenteren. Kies je eigen kleur en maak je look op een unieke manier af. Al onze hair sticks zijn 16 cm lang en bieden een verscheidenheid aan stijlen om te dragen. Voor elke verkochte hair stick geven we 1 euro aan een lokaal goed doel voor vrouwen via Zonta, meer info via de volgende link <a href=\"https:\/\/so-phi.com\/nl\/over-2\/\">\u2018Stick Together\u2019<\/a>. <\/span><\/p>\n<p class=\"tw-data-text tw-text-large tw-ta\" dir=\"ltr\" data-placeholder=\"Vertaling\"><strong><span lang=\"nl\">We bieden gratis verzending aan voor bestellingen van 2 of meer hair sticks.<\/span><\/strong><\/p>\n","protected":false},"excerpt":{"rendered":"<p>Royaal kleur, voor dames met pit \u00e9n klasse. Z\u00e0lig op donker haar \u00e9n bij blond!<\/p>\n","protected":false},"featured_media":2506,"template":"","meta":[],"product_brand":[],"product_cat":[135],"product_tag":[],"class_list":{"0":"post-2707","1":"product","2":"type-product","3":"status-publish","4":"has-post-thumbnail","6":"product_cat-classic-nl","9":"first","10":"instock","11":"shipping-taxable","12":"purchasable","13":"product-type-simple"},"yoast_head":"<!-- This site is optimized with the Yoast SEO plugin v26.9 - https:\/\/yoast.com\/product\/yoast-seo-wordpress\/ -->\n<title>Koningsblauw - So-Phi<\/title>\n<meta name=\"description\" content=\"Dit blauwe kleur is voor de sterke dames onder ons. Het kleur geeft meteen pit aan je haar \u00e9n je look. Dit haaraccessoire straalt power uit!\" \/>\n<meta name=\"robots\" content=\"index, follow, max-snippet:-1, max-image-preview:large, max-video-preview:-1\" \/>\n<link rel=\"canonical\" href=\"https:\/\/so-phi.com\/nl\/product\/koningsblauw\/\" \/>\n<meta property=\"og:locale\" content=\"nl_NL\" \/>\n<meta property=\"og:type\" content=\"article\" \/>\n<meta property=\"og:title\" content=\"Koningsblauw - So-Phi\" \/>\n<meta property=\"og:description\" content=\"Dit blauwe kleur is voor de sterke dames onder ons. Het kleur geeft meteen pit aan je haar \u00e9n je look. Dit haaraccessoire straalt power uit!\" \/>\n<meta property=\"og:url\" content=\"https:\/\/so-phi.com\/nl\/product\/koningsblauw\/\" \/>\n<meta property=\"og:site_name\" content=\"So-Phi\" \/>\n<meta property=\"article:modified_time\" content=\"2025-04-27T19:07:56+00:00\" \/>\n<meta property=\"og:image\" content=\"https:\/\/so-phi.com\/wp-content\/uploads\/2019\/11\/king-s-blue.jpg\" \/>\n\t<meta property=\"og:image:width\" content=\"810\" \/>\n\t<meta property=\"og:image:height\" content=\"540\" \/>\n\t<meta property=\"og:image:type\" content=\"image\/jpeg\" \/>\n<meta name=\"twitter:card\" content=\"summary_large_image\" \/>\n<meta name=\"twitter:label1\" content=\"Geschatte leestijd\" \/>\n\t<meta name=\"twitter:data1\" content=\"1 minuut\" \/>\n<script type=\"application\/ld+json\" class=\"yoast-schema-graph\">{\"@context\":\"https:\/\/schema.org\",\"@graph\":[{\"@type\":\"WebPage\",\"@id\":\"https:\/\/so-phi.com\/nl\/product\/koningsblauw\/\",\"url\":\"https:\/\/so-phi.com\/nl\/product\/koningsblauw\/\",\"name\":\"Koningsblauw - So-Phi\",\"isPartOf\":{\"@id\":\"https:\/\/so-phi.com\/nl\/#website\"},\"primaryImageOfPage\":{\"@id\":\"https:\/\/so-phi.com\/nl\/product\/koningsblauw\/#primaryimage\"},\"image\":{\"@id\":\"https:\/\/so-phi.com\/nl\/product\/koningsblauw\/#primaryimage\"},\"thumbnailUrl\":\"https:\/\/so-phi.com\/wp-content\/uploads\/2019\/11\/king-s-blue.jpg\",\"datePublished\":\"2019-11-09T05:09:35+00:00\",\"dateModified\":\"2025-04-27T19:07:56+00:00\",\"description\":\"Dit blauwe kleur is voor de sterke dames onder ons. Het kleur geeft meteen pit aan je haar \u00e9n je look. Dit haaraccessoire straalt power uit!\",\"breadcrumb\":{\"@id\":\"https:\/\/so-phi.com\/nl\/product\/koningsblauw\/#breadcrumb\"},\"inLanguage\":\"nl-NL\",\"potentialAction\":[{\"@type\":\"ReadAction\",\"target\":[\"https:\/\/so-phi.com\/nl\/product\/koningsblauw\/\"]}]},{\"@type\":\"ImageObject\",\"inLanguage\":\"nl-NL\",\"@id\":\"https:\/\/so-phi.com\/nl\/product\/koningsblauw\/#primaryimage\",\"url\":\"https:\/\/so-phi.com\/wp-content\/uploads\/2019\/11\/king-s-blue.jpg\",\"contentUrl\":\"https:\/\/so-phi.com\/wp-content\/uploads\/2019\/11\/king-s-blue.jpg\",\"width\":810,\"height\":540},{\"@type\":\"BreadcrumbList\",\"@id\":\"https:\/\/so-phi.com\/nl\/product\/koningsblauw\/#breadcrumb\",\"itemListElement\":[{\"@type\":\"ListItem\",\"position\":1,\"name\":\"Home\",\"item\":\"https:\/\/so-phi.com\/nl\/\"},{\"@type\":\"ListItem\",\"position\":2,\"name\":\"Producten\",\"item\":\"https:\/\/so-phi.com\/nl\/shop\/\"},{\"@type\":\"ListItem\",\"position\":3,\"name\":\"Koningsblauw\"}]},{\"@type\":\"WebSite\",\"@id\":\"https:\/\/so-phi.com\/nl\/#website\",\"url\":\"https:\/\/so-phi.com\/nl\/\",\"name\":\"So-Phi\",\"description\":\"\",\"potentialAction\":[{\"@type\":\"SearchAction\",\"target\":{\"@type\":\"EntryPoint\",\"urlTemplate\":\"https:\/\/so-phi.com\/nl\/?s={search_term_string}\"},\"query-input\":{\"@type\":\"PropertyValueSpecification\",\"valueRequired\":true,\"valueName\":\"search_term_string\"}}],\"inLanguage\":\"nl-NL\"}]}<\/script>\n<!-- \/ Yoast SEO plugin. -->","yoast_head_json":{"title":"Koningsblauw - So-Phi","description":"Dit blauwe kleur is voor de sterke dames onder ons. Het kleur geeft meteen pit aan je haar \u00e9n je look. Dit haaraccessoire straalt power uit!","robots":{"index":"index","follow":"follow","max-snippet":"max-snippet:-1","max-image-preview":"max-image-preview:large","max-video-preview":"max-video-preview:-1"},"canonical":"https:\/\/so-phi.com\/nl\/product\/koningsblauw\/","og_locale":"nl_NL","og_type":"article","og_title":"Koningsblauw - So-Phi","og_description":"Dit blauwe kleur is voor de sterke dames onder ons. Het kleur geeft meteen pit aan je haar \u00e9n je look. Dit haaraccessoire straalt power uit!","og_url":"https:\/\/so-phi.com\/nl\/product\/koningsblauw\/","og_site_name":"So-Phi","article_modified_time":"2025-04-27T19:07:56+00:00","og_image":[{"width":810,"height":540,"url":"https:\/\/so-phi.com\/wp-content\/uploads\/2019\/11\/king-s-blue.jpg","type":"image\/jpeg"}],"twitter_card":"summary_large_image","twitter_misc":{"Geschatte leestijd":"1 minuut"},"schema":{"@context":"https:\/\/schema.org","@graph":[{"@type":"WebPage","@id":"https:\/\/so-phi.com\/nl\/product\/koningsblauw\/","url":"https:\/\/so-phi.com\/nl\/product\/koningsblauw\/","name":"Koningsblauw - So-Phi","isPartOf":{"@id":"https:\/\/so-phi.com\/nl\/#website"},"primaryImageOfPage":{"@id":"https:\/\/so-phi.com\/nl\/product\/koningsblauw\/#primaryimage"},"image":{"@id":"https:\/\/so-phi.com\/nl\/product\/koningsblauw\/#primaryimage"},"thumbnailUrl":"https:\/\/so-phi.com\/wp-content\/uploads\/2019\/11\/king-s-blue.jpg","datePublished":"2019-11-09T05:09:35+00:00","dateModified":"2025-04-27T19:07:56+00:00","description":"Dit blauwe kleur is voor de sterke dames onder ons. Het kleur geeft meteen pit aan je haar \u00e9n je look. Dit haaraccessoire straalt power uit!","breadcrumb":{"@id":"https:\/\/so-phi.com\/nl\/product\/koningsblauw\/#breadcrumb"},"inLanguage":"nl-NL","potentialAction":[{"@type":"ReadAction","target":["https:\/\/so-phi.com\/nl\/product\/koningsblauw\/"]}]},{"@type":"ImageObject","inLanguage":"nl-NL","@id":"https:\/\/so-phi.com\/nl\/product\/koningsblauw\/#primaryimage","url":"https:\/\/so-phi.com\/wp-content\/uploads\/2019\/11\/king-s-blue.jpg","contentUrl":"https:\/\/so-phi.com\/wp-content\/uploads\/2019\/11\/king-s-blue.jpg","width":810,"height":540},{"@type":"BreadcrumbList","@id":"https:\/\/so-phi.com\/nl\/product\/koningsblauw\/#breadcrumb","itemListElement":[{"@type":"ListItem","position":1,"name":"Home","item":"https:\/\/so-phi.com\/nl\/"},{"@type":"ListItem","position":2,"name":"Producten","item":"https:\/\/so-phi.com\/nl\/shop\/"},{"@type":"ListItem","position":3,"name":"Koningsblauw"}]},{"@type":"WebSite","@id":"https:\/\/so-phi.com\/nl\/#website","url":"https:\/\/so-phi.com\/nl\/","name":"So-Phi","description":"","potentialAction":[{"@type":"SearchAction","target":{"@type":"EntryPoint","urlTemplate":"https:\/\/so-phi.com\/nl\/?s={search_term_string}"},"query-input":{"@type":"PropertyValueSpecification","valueRequired":true,"valueName":"search_term_string"}}],"inLanguage":"nl-NL"}]}},"_links":{"self":[{"href":"https:\/\/so-phi.com\/nl\/wp-json\/wp\/v2\/product\/2707","targetHints":{"allow":["GET"]}}],"collection":[{"href":"https:\/\/so-phi.com\/nl\/wp-json\/wp\/v2\/product"}],"about":[{"href":"https:\/\/so-phi.com\/nl\/wp-json\/wp\/v2\/types\/product"}],"wp:featuredmedia":[{"embeddable":true,"href":"https:\/\/so-phi.com\/nl\/wp-json\/wp\/v2\/media\/2506"}],"wp:attachment":[{"href":"https:\/\/so-phi.com\/nl\/wp-json\/wp\/v2\/media?parent=2707"}],"wp:term":[{"taxonomy":"product_brand","embeddable":true,"href":"https:\/\/so-phi.com\/nl\/wp-json\/wp\/v2\/product_brand?post=2707"},{"taxonomy":"product_cat","embeddable":true,"href":"https:\/\/so-phi.com\/nl\/wp-json\/wp\/v2\/product_cat?post=2707"},{"taxonomy":"product_tag","embeddable":true,"href":"https:\/\/so-phi.com\/nl\/wp-json\/wp\/v2\/product_tag?post=2707"}],"curies":[{"name":"wp","href":"https:\/\/api.w.org\/{rel}","templated":true}]}}